{"id":344,"date":"2025-04-06T00:42:58","date_gmt":"2025-04-05T22:42:58","guid":{"rendered":"https:\/\/www.click-and-you.fr\/?page_id=344"},"modified":"2025-04-12T18:30:47","modified_gmt":"2025-04-12T16:30:47","slug":"tarifs","status":"publish","type":"page","link":"https:\/\/www.click-and-you.fr\/index.php\/tarifs\/","title":{"rendered":"Tarifs"},"content":{"rendered":"\n<p>Les prix propos\u00e9s ne comprennent aucun frais suppl\u00e9mentaire, \u00e0 l&rsquo;exception des frais de d\u00e9placement au del\u00e0 d&rsquo;un rayon de 15 kms autour de Click &amp; You, et toute demande sp\u00e9cifique et\/ou non inscrite dans les grilles tarifaires fera l&rsquo;objet d&rsquo;un devis personnalis\u00e9.<\/p>\n\n\n\n<div class=\"wp-block-file\"><a id=\"wp-block-file--media-afc9572a-085a-4a8a-b6cd-3f88a21a97a7\" href=\"https:\/\/www.click-and-you.fr\/wp-content\/uploads\/2025\/04\/Click-You-Grille-tarifaire-particuliers.pdf\" target=\"_blank\" rel=\"noreferrer noopener\">Click &amp; You &#8211; Grille tarifaire particuliers<\/a><\/div>\n\n\n\n<div class=\"wp-block-file\"><a id=\"wp-block-file--media-32f50f82-734b-4fd6-9b3b-a9ea8b624391\" href=\"https:\/\/www.click-and-you.fr\/wp-content\/uploads\/2025\/04\/Click-You-Grille-tarifaire-associations.pdf\" target=\"_blank\" rel=\"noreferrer noopener\">Click &amp; You &#8211; Grille tarifaire associations<\/a><\/div>\n\n\n\n<div class=\"wp-block-file\"><a id=\"wp-block-file--media-30d09d82-e521-4d80-9250-a34d9ce2e3e5\" href=\"https:\/\/www.click-and-you.fr\/wp-content\/uploads\/2025\/04\/Click-You-Grille-tarifaire-professionnels.pdf\" target=\"_blank\" rel=\"noreferrer noopener\">Click &amp; You &#8211; Grille tarifaire professionnels<\/a><\/div>\n","protected":false},"excerpt":{"rendered":"<p>Les prix propos\u00e9s ne comprennent aucun frais suppl\u00e9mentaire, \u00e0 l&rsquo;exception des frais de d\u00e9placement au del\u00e0 d&rsquo;un rayon de 15 kms autour de Click &amp; You, et toute demande sp\u00e9cifique et\/ou non inscrite dans les grilles tarifaires fera l&rsquo;objet d&rsquo;un devis personnalis\u00e9.<\/p>\n","protected":false},"author":1,"featured_media":0,"parent":0,"menu_order":0,"comment_status":"closed","ping_status":"closed","template":"","meta":{"footnotes":""},"class_list":["post-344","page","type-page","status-publish","hentry"],"_links":{"self":[{"href":"https:\/\/www.click-and-you.fr\/index.php\/wp-json\/wp\/v2\/pages\/344","targetHints":{"allow":["GET"]}}],"collection":[{"href":"https:\/\/www.click-and-you.fr\/index.php\/wp-json\/wp\/v2\/pages"}],"about":[{"href":"https:\/\/www.click-and-you.fr\/index.php\/wp-json\/wp\/v2\/types\/page"}],"author":[{"embeddable":true,"href":"https:\/\/www.click-and-you.fr\/index.php\/wp-json\/wp\/v2\/users\/1"}],"replies":[{"embeddable":true,"href":"https:\/\/www.click-and-you.fr\/index.php\/wp-json\/wp\/v2\/comments?post=344"}],"version-history":[{"count":17,"href":"https:\/\/www.click-and-you.fr\/index.php\/wp-json\/wp\/v2\/pages\/344\/revisions"}],"predecessor-version":[{"id":415,"href":"https:\/\/www.click-and-you.fr\/index.php\/wp-json\/wp\/v2\/pages\/344\/revisions\/415"}],"wp:attachment":[{"href":"https:\/\/www.click-and-you.fr\/index.php\/wp-json\/wp\/v2\/media?parent=344"}],"curies":[{"name":"wp","href":"https:\/\/api.w.org\/{rel}","templated":true}]}}